{"id":203,"date":"2020-01-14T17:42:05","date_gmt":"2020-01-14T17:42:05","guid":{"rendered":"https:\/\/eg-kehlhof.ch\/wp2020\/?page_id=203"},"modified":"2026-04-02T10:16:45","modified_gmt":"2026-04-02T09:16:45","slug":"senioren","status":"publish","type":"page","link":"https:\/\/eg-kehlhof.ch\/wp2020\/senioren\/","title":{"rendered":"Senioren"},"content":{"rendered":"<div  data-label=\"Content\" data-id=\"content--1\" data-export-id=\"content-12\" data-category=\"content\" class=\"content-12 content-section content-section-spacing\" id=\"content-1\" style=\"background-color: #ffffff;\">\n<div  class=\"gridContainer\">\n<div  class=\"row text-center\">\n<div  class=\"section-title-col\" data-type=\"column\">\n\n<h2  class=\"\" style=\"text-align: left;\">Senioren<\/h2><p  class=\"\" style=\"text-align: left;\"><span  style=\"color: #000000;\">F\u00fcr unsere \u00e4lteren Gemeindeglieder organisieren wir in den Wintermonaten regelm\u00e4ssig diverse Anl\u00e4sse, wie Film- oder Diavortr\u00e4ge. Das Befassen mit Lebensbilder grosser Zeitgenossen, gemeinsames Feiern oder ein Ausflug in Form einer Wanderung oder mit dem Bus, erweitern unsern Horizont und geben uns Gelegenheit die Gemeinschaft vielgestaltig zu erleben.<\/span><\/p>\n<p  class=\"\" style=\"text-align: left;\"><span  style=\"color: #000000;\">Einzelne Anl\u00e4sse organisieren wir auch zusammen mit den Senioren benachbarter Gemeinden.<\/span><\/p>\n<p  class=\"\" style=\"text-align: left;\"><span  style=\"color: #000000;\">Jeweils nachmittags 14.00 \u2013 ca. 16.30 Uhr einmal monatlich im Winterhalbjahr<\/span><\/p>\n<p  class=\"\" style=\"text-align: left;\" data-mentor-active-element-id=\"b330f43b-b185-4bd6-a880-5db73494d970\"><span  style=\"color: #000000;\">Alle Frauen und M\u00e4nner im Pensionsalter sind herzlich eingeladen<\/span>\n<br ><br >N\u00e4chster Anlass:<\/p><h2  class=\"\" style=\"text-align: left;\" data-mentor-active-element-id=\"19a31aa5-8e1d-4f76-96da-06ae9b5ef3c3\">Programm 2025-2026<\/h2><a  data-cp-link=\"1\" href=\"https:\/\/eg-kehlhof.ch\/wp2020\/wp-content\/uploads\/2025\/09\/2025-09-04-Programm-Senioren-EGK.pdf\" class=\"\" target=\"_blank\" rel=\"noopener\"><img  decoding=\"async\" class=\"custom-image\" src=\"https:\/\/eg-kehlhof.ch\/wp2020\/wp-content\/uploads\/2025\/09\/cropped-2025-09-04-Programm-Senioren-EGK-1.jpg\" title=\"2022-10-12 Programm 2022-2023_Seite_1\" alt=\"\"><\/a><h4  class=\"\" style=\"text-align: left;\">Kontakt \/ Verantwortlich:<\/h4>\n\n\n\n\n\n<a  data-cp-link=\"1\" href=\"#\" class=\"\"><img  decoding=\"async\" class=\"custom-image\" src=\"https:\/\/eg-kehlhof.ch\/wp2020\/wp-content\/uploads\/2023\/06\/cropped-Kohli-Vreni-8.22-small2.jpg\" data-mentor-active-element-id=\"c62ca8ed-25a1-4399-84d6-1a124d92a323\" title=\"cropped-Kohli-Vreni-8.22-small2.jpg\" alt=\"\"><\/a><p  class=\"\" style=\"text-align: center;\" data-mentor-active-element-id=\"a9b5431d-cbb4-4656-9f8f-46bcfce149f6\">\n<br >Leitung<br >Vreni Kohli<br >\nS\u00fcdstrasse 7<br >\n8570 Weinfelden<br >071 697 00 64<br ><a  href=\"mailto:vreni.kohli@gmail.com\" target=\"_blank\" rel=\"noopener\" data-mce-href=\"mailto:vreni.kohli@gmail.com\" data-cp-link=\"1\">E-Mail<\/a><\/p><\/div>\n<\/div>\n<div  class=\"row center-xs middle-xs\">\n<div  class=\"col-sm-9\" data-type=\"column\">\n\n\n<\/div>\n<\/div>\n<\/div>\n<\/div><div  data-label=\"Content\" data-id=\"content--2\" data-export-id=\"content-8\" data-category=\"content\" class=\"content-8 content-section content-section-spacing\" id=\"content-2\" style=\"background-color: rgb(245, 250, 253);\"><div  class=\"gridContainer\"> <div  class=\"row middle-sm\"><div  class=\"col-sm-6 space-bottom-xs space-top-xs\" data-type=\"column\"> <\/div> <div  class=\"col-sm-6\" data-type=\"column\">  <\/div> <\/div><\/div> <\/div>","protected":false},"excerpt":{"rendered":"<p>SeniorenF\u00fcr unsere \u00e4lteren Gemeindeglieder organisieren wir in den Wintermonaten regelm\u00e4ssig diverse Anl\u00e4sse, wie Film- oder Diavortr\u00e4ge. Das Befassen mit Lebensbilder grosser Zeitgenossen, gemeinsames Feiern oder ein Ausflug in Form einer Wanderung oder mit dem Bus, erweitern unsern Horizont und geben uns Gelegenheit die Gemeinschaft vielgestaltig zu erleben. Einzelne Anl\u00e4sse organisieren wir auch zusammen mit den&hellip; <br \/> <a class=\"read-more\" href=\"https:\/\/eg-kehlhof.ch\/wp2020\/senioren\/\">Read more<\/a><\/p>\n","protected":false},"author":2,"featured_media":0,"parent":0,"menu_order":0,"comment_status":"closed","ping_status":"closed","template":"pro\/page-templates\/full-width-page.php","meta":{"footnotes":""},"class_list":["post-203","page","type-page","status-publish","hentry"],"_links":{"self":[{"href":"https:\/\/eg-kehlhof.ch\/wp2020\/wp-json\/wp\/v2\/pages\/203","targetHints":{"allow":["GET"]}}],"collection":[{"href":"https:\/\/eg-kehlhof.ch\/wp2020\/wp-json\/wp\/v2\/pages"}],"about":[{"href":"https:\/\/eg-kehlhof.ch\/wp2020\/wp-json\/wp\/v2\/types\/page"}],"author":[{"embeddable":true,"href":"https:\/\/eg-kehlhof.ch\/wp2020\/wp-json\/wp\/v2\/users\/2"}],"replies":[{"embeddable":true,"href":"https:\/\/eg-kehlhof.ch\/wp2020\/wp-json\/wp\/v2\/comments?post=203"}],"version-history":[{"count":58,"href":"https:\/\/eg-kehlhof.ch\/wp2020\/wp-json\/wp\/v2\/pages\/203\/revisions"}],"predecessor-version":[{"id":8004,"href":"https:\/\/eg-kehlhof.ch\/wp2020\/wp-json\/wp\/v2\/pages\/203\/revisions\/8004"}],"wp:attachment":[{"href":"https:\/\/eg-kehlhof.ch\/wp2020\/wp-json\/wp\/v2\/media?parent=203"}],"curies":[{"name":"wp","href":"https:\/\/api.w.org\/{rel}","templated":true}]}}