{"id":233,"date":"2020-01-14T18:17:11","date_gmt":"2020-01-14T18:17:11","guid":{"rendered":"https:\/\/eg-kehlhof.ch\/wp2020\/?page_id=233"},"modified":"2026-03-03T09:49:01","modified_gmt":"2026-03-03T08:49:01","slug":"teenagerclub","status":"publish","type":"page","link":"https:\/\/eg-kehlhof.ch\/wp2020\/teenagerclub\/","title":{"rendered":"Teenagerclub"},"content":{"rendered":"<div  data-label=\"Content\" data-id=\"content--1\" data-export-id=\"content-12\" data-category=\"content\" class=\"content-12 content-section content-section-spacing\" id=\"content-1\" style=\"background-color: rgb(255, 255, 255);\"><div  class=\"gridContainer\"> <div  class=\"row text-center\"><div  class=\"section-title-col\" data-type=\"column\">  <\/div> <\/div> <div  class=\"row center-xs middle-xs\"> <div  class=\"col-sm-9\" data-type=\"column\"> <h2  class=\"\" style=\"text-align: left;\">Teenagerclub\n<\/h2><h4  class=\"\" style=\"text-align: left;\">\n<br >Zielgruppe<\/h4><p  class=\"\" style=\"text-align: left;\">Teens im Oberstufen-Alter<\/p><h4  class=\"\" style=\"text-align: left;\">Wir treffen uns immer wieder\u2026<\/h4><p  class=\"\" style=\"text-align: left;\">jeden zweiten Freitag von 19.30 bis 22.00 im Mehrzweckgeb\u00e4ude der Evangelischen Gemeinde Kehlhof (EGK).<\/p><img  decoding=\"async\" class=\"custom-image\" src=\"https:\/\/eg-kehlhof.ch\/wp2020\/wp-content\/uploads\/2026\/03\/Seite-1.png\" title=\"cropped-2021-08-17-TC-Programm_Seite_1.jpg\" alt=\"\"><p  class=\"\" style=\"text-align: left;\">\n<br >Unsere Aktivit\u00e4ten sind abwechslungsreich wie das Leben als Teenager \u2013 mal aktiv, mal kreativ, mal chillig, mal abenteuerlich, mal drinnen, mal draussen! Schwatzen, kochen, spielen, lachen, sp\u00f6rteln, diskutieren\u2026 und vieles mehr erwartet dich!<\/p><p  class=\"\" style=\"text-align: left;\">Der wichtigste Bestandteil ist die Auseinandersetzung mit Jesus und seiner radikalen Botschaft! Keine Angst, da gibt\u2019s nie Grund zum G\u00e4hnen, denn es geht um dich und die entscheidende Frage: Was bedeutet diese Botschaft f\u00fcr mich und mein t\u00e4gliches Leben? Herausfordernd \u2013 aber extrem lohnenswert!<\/p><img  decoding=\"async\" class=\"custom-image\" src=\"https:\/\/eg-kehlhof.ch\/wp2020\/wp-content\/uploads\/2026\/03\/Seite-2.png\" title=\"Seite 2\" alt=\"\"><h4  class=\"\" style=\"text-align: left;\">Kontakt<\/h4><p  class=\"\" style=\"text-align: left;\">Livia Zahnd \/ 076 308 61 02<br >E-Mail: <a  href=\"mailto:livia.zahnd@stafag.ch\" target=\"_self\" data-mce-href=\"mailto:livia.zahnd@stafag.ch\" data-mce-selected=\"inline-boundary\" data-cp-link=\"1\" rel=\"noopener\">Livia Zahnd<\/a><\/p><\/div> <\/div><\/div> <\/div>","protected":false},"excerpt":{"rendered":"<p>Teenagerclub ZielgruppeTeens im Oberstufen-AlterWir treffen uns immer wieder\u2026jeden zweiten Freitag von 19.30 bis 22.00 im Mehrzweckgeb\u00e4ude der Evangelischen Gemeinde Kehlhof (EGK). Unsere Aktivit\u00e4ten sind abwechslungsreich wie das Leben als Teenager \u2013 mal aktiv, mal kreativ, mal chillig, mal abenteuerlich, mal drinnen, mal draussen! Schwatzen, kochen, spielen, lachen, sp\u00f6rteln, diskutieren\u2026 und vieles mehr erwartet dich!Der wichtigste&hellip; <br \/> <a class=\"read-more\" href=\"https:\/\/eg-kehlhof.ch\/wp2020\/teenagerclub\/\">Read more<\/a><\/p>\n","protected":false},"author":2,"featured_media":0,"parent":0,"menu_order":0,"comment_status":"closed","ping_status":"closed","template":"pro\/page-templates\/full-width-page.php","meta":{"footnotes":""},"class_list":["post-233","page","type-page","status-publish","hentry"],"_links":{"self":[{"href":"https:\/\/eg-kehlhof.ch\/wp2020\/wp-json\/wp\/v2\/pages\/233","targetHints":{"allow":["GET"]}}],"collection":[{"href":"https:\/\/eg-kehlhof.ch\/wp2020\/wp-json\/wp\/v2\/pages"}],"about":[{"href":"https:\/\/eg-kehlhof.ch\/wp2020\/wp-json\/wp\/v2\/types\/page"}],"author":[{"embeddable":true,"href":"https:\/\/eg-kehlhof.ch\/wp2020\/wp-json\/wp\/v2\/users\/2"}],"replies":[{"embeddable":true,"href":"https:\/\/eg-kehlhof.ch\/wp2020\/wp-json\/wp\/v2\/comments?post=233"}],"version-history":[{"count":58,"href":"https:\/\/eg-kehlhof.ch\/wp2020\/wp-json\/wp\/v2\/pages\/233\/revisions"}],"predecessor-version":[{"id":7935,"href":"https:\/\/eg-kehlhof.ch\/wp2020\/wp-json\/wp\/v2\/pages\/233\/revisions\/7935"}],"wp:attachment":[{"href":"https:\/\/eg-kehlhof.ch\/wp2020\/wp-json\/wp\/v2\/media?parent=233"}],"curies":[{"name":"wp","href":"https:\/\/api.w.org\/{rel}","templated":true}]}}