{"id":241,"date":"2020-01-14T18:19:04","date_gmt":"2020-01-14T18:19:04","guid":{"rendered":"https:\/\/eg-kehlhof.ch\/wp2020\/?page_id=241"},"modified":"2024-06-15T10:00:47","modified_gmt":"2024-06-15T09:00:47","slug":"finanzen-spenden","status":"publish","type":"page","link":"https:\/\/eg-kehlhof.ch\/wp2020\/finanzen-spenden\/","title":{"rendered":"Finanzen \/ Spenden"},"content":{"rendered":"<div  class=\"content-12 content-section content-section-spacing\" id=\"content-1\" style=\"background-color: #ffffff;\" data-id=\"content--1\" data-export-id=\"content-12\" data-category=\"content\" data-label=\"Content\">\n<div  class=\"gridContainer\">\n\n<div  class=\"row center-xs middle-xs\">\n<div  class=\"col-sm-9\" data-type=\"column\">\n<h2  style=\"text-align: left;\" class=\"\">Finanzen \/ Spenden\n<\/h2><p  style=\"text-align: left;\" class=\"\">\n<br >Die Evangelische Gemeinde Kehlhof ist ein Ort f\u00fcr Menschen, die Gott begegnen m\u00f6chten. Damit wir das heute sind und in Zukunft bleiben, braucht es Menschen, die unsere Kirche auch finanziell mittragen.\n<br ><br >Als Freikirche sind wir organisatorisch und finanziell unabh\u00e4ngig und werden vollst\u00e4ndig durch freiwillige Spenden finanziert. Wir unterst\u00fctzen auf der ganzen Welt ausgew\u00e4hlte christliche Organisationen, Werke und Mitarbeiter in weltweiten Projekten.<\/p>\n\n<p  style=\"text-align: left;\" class=\"\">Deine Unterst\u00fctzung macht unsere Arbeit m\u00f6glich. Vielen herzlichen Dank!&nbsp;<\/p>\n\n<h4  style=\"text-align: left;\" class=\"\">Bankverbindungen EGK\n<\/h4>\n<p  style=\"text-align: left;\" class=\"\" data-mentor-active-element-id=\"bd472773-c31e-40eb-895d-8b8ffdda1778\"><br >Raiffeisenbank Mittelthurgau<br >8570 Weinfelden<br >CH79 8080 8008 7159 4328 5<br >Evangelische Gemeinde Kehlhof\n<br >8572 Berg TG\n<br ><br ><a href=\"https:\/\/eg-kehlhof.ch\/wp2020\/wp-content\/uploads\/2024\/06\/2024-06-15-Einzahlungsschein_EG-Kehlhof_QR.pdf\" target=\"_blank\" rel=\"noopener\" data-mce-href=\"..\/wp-content\/uploads\/2024\/06\/2024-06-15-Einzahlungsschein_EG-Kehlhof_QR.pdf\" data-mce-selected=\"inline-boundary\" data-cp-link=\"1\">\ufeffEinzahlungsschein zum Download<\/a><\/p>\n<p  style=\"text-align: left;\" class=\"\"><br >PostFinance\n<br >CH04 0900 0000 8550 4459 8<br >Evangelische Gemeinde Kehlhof\n<br >8572 Berg TG\n<br ><br >Konto:85-504459-8\n\n\n<\/p>\n\n<h4  style=\"text-align: left;\" class=\"\">\n<br >TWINT<\/h4>\n<img decoding=\"async\"  title=\"cropped-TWINT_QR-Code_neu-e1585766668549-6.jpg\" class=\"custom-image alignleft\" alt=\"\" src=\"https:\/\/eg-kehlhof.ch\/wp2020\/wp-content\/uploads\/2020\/04\/cropped-TWINT_QR-Code_neu-e1585766668549-6.jpg\">\n\n<\/div>\n<\/div>\n<\/div>\n<\/div>","protected":false},"excerpt":{"rendered":"<p>Finanzen \/ Spenden Die Evangelische Gemeinde Kehlhof ist ein Ort f\u00fcr Menschen, die Gott begegnen m\u00f6chten. Damit wir das heute sind und in Zukunft bleiben, braucht es Menschen, die unsere Kirche auch finanziell mittragen. Als Freikirche sind wir organisatorisch und finanziell unabh\u00e4ngig und werden vollst\u00e4ndig durch freiwillige Spenden finanziert. Wir unterst\u00fctzen auf der ganzen Welt&hellip; <br \/> <a class=\"read-more\" href=\"https:\/\/eg-kehlhof.ch\/wp2020\/finanzen-spenden\/\">Read more<\/a><\/p>\n","protected":false},"author":2,"featured_media":0,"parent":0,"menu_order":0,"comment_status":"closed","ping_status":"closed","template":"pro\/page-templates\/full-width-page.php","meta":{"footnotes":""},"class_list":["post-241","page","type-page","status-publish","hentry"],"_links":{"self":[{"href":"https:\/\/eg-kehlhof.ch\/wp2020\/wp-json\/wp\/v2\/pages\/241","targetHints":{"allow":["GET"]}}],"collection":[{"href":"https:\/\/eg-kehlhof.ch\/wp2020\/wp-json\/wp\/v2\/pages"}],"about":[{"href":"https:\/\/eg-kehlhof.ch\/wp2020\/wp-json\/wp\/v2\/types\/page"}],"author":[{"embeddable":true,"href":"https:\/\/eg-kehlhof.ch\/wp2020\/wp-json\/wp\/v2\/users\/2"}],"replies":[{"embeddable":true,"href":"https:\/\/eg-kehlhof.ch\/wp2020\/wp-json\/wp\/v2\/comments?post=241"}],"version-history":[{"count":36,"href":"https:\/\/eg-kehlhof.ch\/wp2020\/wp-json\/wp\/v2\/pages\/241\/revisions"}],"predecessor-version":[{"id":6524,"href":"https:\/\/eg-kehlhof.ch\/wp2020\/wp-json\/wp\/v2\/pages\/241\/revisions\/6524"}],"wp:attachment":[{"href":"https:\/\/eg-kehlhof.ch\/wp2020\/wp-json\/wp\/v2\/media?parent=241"}],"curies":[{"name":"wp","href":"https:\/\/api.w.org\/{rel}","templated":true}]}}