{"id":60,"date":"2020-01-13T19:33:09","date_gmt":"2020-01-13T19:33:09","guid":{"rendered":"https:\/\/eg-kehlhof.ch\/wp2020\/?page_id=60"},"modified":"2024-05-17T10:14:56","modified_gmt":"2024-05-17T09:14:56","slug":"gottesdienste-events","status":"publish","type":"page","link":"https:\/\/eg-kehlhof.ch\/wp2020\/gottesdienste-events\/","title":{"rendered":"Gottesdienste \/ Events"},"content":{"rendered":"<div  class=\"features-12-card-bordered content-section content-section-spacing \" id=\"features-1\" style=\"background-color: rgb(255, 255, 255);\" data-id=\"features--1\" data-export-id=\"features-12-card-bordered\" data-category=\"features\" data-label=\"Features\"><div  class=\"gridContainer\"> <div  class=\"row text-center\"><div  class=\"section-title-col\" data-type=\"column\">  <h2  style=\"text-align: left;\" class=\"\">Gottesdienste<\/h2><p  style=\"text-align: left;\" class=\"\" data-mentor-active-element-id=\"0111e702-54da-484d-b90c-e5089bc3eeef\"><span  style=\"font-family: tahoma, arial, helvetica, sans-serif; font-weight: 300; color: rgb(7, 7, 7);\">Jeden Sonntag treffen sich bei uns in der EGK Jung und Alt zum Gottesdienst. Mit Liedern und Lebensberichten freuen wir uns am Gott der Bibel und beten ihn an. In einer Predigt erhalten wir durch die Bibel praktische Impulse f\u00fcr das t\u00e4gliche Leben. Gemeinsam beten wir f\u00fcr unsere Freunde in aller Welt und Menschen in unserer Umgebung.<\/span><\/p><p  style=\"text-align: left;\" class=\"\" data-mentor-active-element-id=\"94a08148-5a17-4053-8e4e-14f488ad1113\"><span  style=\"font-family: tahoma, arial, helvetica, sans-serif; font-weight: 300; color: rgb(8, 8, 8);\">Der Gottesdienst beginnt um 9.50 Uhr. Gleichzeitig werden Kinder in jedem Alter in Gruppen betreut: F\u00fcr die Kleinsten findet eine Kinderh\u00fcte -die Krabbelgruppe- statt, die Primarschulkinder treffen sich in der Regel w\u00e4hrend dieser Zeit im Kidstreff und die Oberst\u00fcfler im Teenstreff. Gastfreundschaft hat einen hohen Stellenwert, nicht weil wir etwas besonderes sind, sondern weil uns die pers\u00f6nliche Beziehung zum realen biblischen Gott so begeistert! Das k\u00f6nnen wir nicht f\u00fcr uns behalten\u2026<\/span><\/p><p  style=\"text-align: left;\" class=\"\"><span  style=\"font-family: &quot;Playfair Display&quot;, arial, helvetica, sans-serif; color: rgb(8, 8, 8); font-weight: 700;\">Schau einfach mal rein, Du bist herzlich eingeladen<\/span><\/p><p  style=\"text-align: left;\" class=\"\"><span  id=\"_mce_caret\" data-mce-type=\"format-caret\" data-mce-bogus=\"1\"><span  style=\"font-family: tahoma, arial, helvetica, sans-serif; font-weight: 300;\">\ufeff\n<br ><span  style=\"color: rgb(8, 8, 8);\">Kontakt:\n<\/span><\/span><\/span>\n<br ><span  style=\"font-family: tahoma, arial, helvetica, sans-serif; color: rgb(8, 8, 8);\">Adr: Gisela Soccal, Fortackerstrasse 2, 8576 Mauren<\/span><br ><span  style=\"font-family: tahoma, arial, helvetica, sans-serif; color: rgb(8, 8, 8);\">\nTel: 071 633 37 02<\/span><span  style=\"font-family: tahoma, arial, helvetica, sans-serif; color: rgb(8, 8, 8);\"><a href=\"mailto:gisela@soccal.ch\" target=\"_self\" data-mce-href=\"mailto:gisela@soccal.ch\" data-mce-selected=\"inline-boundary\" data-cp-link=\"1\" rel=\"noopener\">\ufeffE-Mail an Gisela Soccal<\/a><\/span><br >\n<br ><span  style=\"color: rgb(8, 8, 8); font-family: tahoma, arial, helvetica, sans-serif;\">Dokumente:\n\n<br ><br ><a href=\"..\/wp-content\/uploads\/2020\/02\/2019-02-06_Lebensberichte_im_Gottesdienst.pdf\" target=\"_blank\" rel=\"noopener noreferrer\" data-cp-link=\"1\" data-mce-selected=\"inline-boundary\" data-mce-href=\"..\/wp-content\/uploads\/2020\/02\/2019-02-06_Lebensberichte_im_Gottesdienst.pdf\" class=\"\">Lebensberichte im Gottesdienst<\/a><\/span><br ><span  style=\"color: rgb(8, 8, 8); font-family: tahoma, arial, helvetica, sans-serif;\"><a href=\"..\/wp-content\/uploads\/2020\/02\/2019-02-06_Lebensberichte_im_Gottesdienst-Alle_Unterlagen.pdf\" target=\"_blank\" rel=\"noopener noreferrer\" data-cp-link=\"1\" data-mce-selected=\"inline-boundary\" data-mce-href=\"..\/wp-content\/uploads\/2020\/02\/2019-02-06_Lebensberichte_im_Gottesdienst-Alle_Unterlagen.pdf\" class=\"\">\nReferat \u201eLebensberichte im Gottesdienst\ufeff<\/a>\u201c<\/span><br >\n<\/p><\/div> <\/div>         <\/div>\n    <\/div>","protected":false},"excerpt":{"rendered":"<p>GottesdiensteJeden Sonntag treffen sich bei uns in der EGK Jung und Alt zum Gottesdienst. Mit Liedern und Lebensberichten freuen wir uns am Gott der Bibel und beten ihn an. In einer Predigt erhalten wir durch die Bibel praktische Impulse f\u00fcr das t\u00e4gliche Leben. Gemeinsam beten wir f\u00fcr unsere Freunde in aller Welt und Menschen in&hellip; <br \/> <a class=\"read-more\" href=\"https:\/\/eg-kehlhof.ch\/wp2020\/gottesdienste-events\/\">Read more<\/a><\/p>\n","protected":false},"author":2,"featured_media":0,"parent":0,"menu_order":0,"comment_status":"closed","ping_status":"closed","template":"pro\/page-templates\/full-width-page.php","meta":{"footnotes":""},"class_list":["post-60","page","type-page","status-publish","hentry"],"_links":{"self":[{"href":"https:\/\/eg-kehlhof.ch\/wp2020\/wp-json\/wp\/v2\/pages\/60","targetHints":{"allow":["GET"]}}],"collection":[{"href":"https:\/\/eg-kehlhof.ch\/wp2020\/wp-json\/wp\/v2\/pages"}],"about":[{"href":"https:\/\/eg-kehlhof.ch\/wp2020\/wp-json\/wp\/v2\/types\/page"}],"author":[{"embeddable":true,"href":"https:\/\/eg-kehlhof.ch\/wp2020\/wp-json\/wp\/v2\/users\/2"}],"replies":[{"embeddable":true,"href":"https:\/\/eg-kehlhof.ch\/wp2020\/wp-json\/wp\/v2\/comments?post=60"}],"version-history":[{"count":154,"href":"https:\/\/eg-kehlhof.ch\/wp2020\/wp-json\/wp\/v2\/pages\/60\/revisions"}],"predecessor-version":[{"id":6475,"href":"https:\/\/eg-kehlhof.ch\/wp2020\/wp-json\/wp\/v2\/pages\/60\/revisions\/6475"}],"wp:attachment":[{"href":"https:\/\/eg-kehlhof.ch\/wp2020\/wp-json\/wp\/v2\/media?parent=60"}],"curies":[{"name":"wp","href":"https:\/\/api.w.org\/{rel}","templated":true}]}}