{"id":69,"date":"2020-01-13T19:34:24","date_gmt":"2020-01-13T19:34:24","guid":{"rendered":"https:\/\/eg-kehlhof.ch\/wp2020\/?page_id=69"},"modified":"2023-03-09T20:04:17","modified_gmt":"2023-03-09T20:04:17","slug":"kinder-jugend","status":"publish","type":"page","link":"https:\/\/eg-kehlhof.ch\/wp2020\/kinder-jugend\/","title":{"rendered":"Kinder &#038; Jugend"},"content":{"rendered":"<div  data-label=\"Content\" data-id=\"content--1\" data-export-id=\"content-12\" data-category=\"content\" class=\"content-12 content-section content-section-spacing\" id=\"content-1\" style=\"background-color: rgb(255, 255, 255);\"><div  class=\"gridContainer\"> <div  class=\"row text-center\"><div  class=\"section-title-col\" data-type=\"column\">  <img  decoding=\"async\" class=\"custom-image\" src=\"https:\/\/eg-kehlhof.ch\/wp2020\/wp-content\/uploads\/2020\/08\/2020-08-19-Fotos-Zielgruppenarbeit-2.jpg\" alt=\"\" title=\"2020-08-19 Fotos Zielgruppenarbeit 2\"><p  class=\"\" style=\"text-align: justify;\">Unsere \u201eChile f\u00fcr L\u00fc\u00fct vo h\u00fct\u201c hat f\u00fcr Kinder jeden Alters, Jugendliche und junge Erwachsene ein abwechlungsreiches Programm .<\/p><\/div> <\/div> <div  class=\"row center-xs middle-xs\"> <div  class=\"col-sm-9\" data-type=\"column\"> <\/div> <\/div><\/div> <\/div>","protected":false},"excerpt":{"rendered":"<p>Unsere \u201eChile f\u00fcr L\u00fc\u00fct vo h\u00fct\u201c hat f\u00fcr Kinder jeden Alters, Jugendliche und junge Erwachsene ein abwechlungsreiches Programm .<\/p>\n","protected":false},"author":2,"featured_media":0,"parent":0,"menu_order":0,"comment_status":"closed","ping_status":"closed","template":"pro\/page-templates\/full-width-page.php","meta":{"footnotes":""},"class_list":["post-69","page","type-page","status-publish","hentry"],"_links":{"self":[{"href":"https:\/\/eg-kehlhof.ch\/wp2020\/wp-json\/wp\/v2\/pages\/69","targetHints":{"allow":["GET"]}}],"collection":[{"href":"https:\/\/eg-kehlhof.ch\/wp2020\/wp-json\/wp\/v2\/pages"}],"about":[{"href":"https:\/\/eg-kehlhof.ch\/wp2020\/wp-json\/wp\/v2\/types\/page"}],"author":[{"embeddable":true,"href":"https:\/\/eg-kehlhof.ch\/wp2020\/wp-json\/wp\/v2\/users\/2"}],"replies":[{"embeddable":true,"href":"https:\/\/eg-kehlhof.ch\/wp2020\/wp-json\/wp\/v2\/comments?post=69"}],"version-history":[{"count":5,"href":"https:\/\/eg-kehlhof.ch\/wp2020\/wp-json\/wp\/v2\/pages\/69\/revisions"}],"predecessor-version":[{"id":5641,"href":"https:\/\/eg-kehlhof.ch\/wp2020\/wp-json\/wp\/v2\/pages\/69\/revisions\/5641"}],"wp:attachment":[{"href":"https:\/\/eg-kehlhof.ch\/wp2020\/wp-json\/wp\/v2\/media?parent=69"}],"curies":[{"name":"wp","href":"https:\/\/api.w.org\/{rel}","templated":true}]}}