{"id":71,"date":"2020-01-13T19:34:38","date_gmt":"2020-01-13T19:34:38","guid":{"rendered":"https:\/\/eg-kehlhof.ch\/wp2020\/?page_id=71"},"modified":"2021-08-03T09:48:27","modified_gmt":"2021-08-03T09:48:27","slug":"media","status":"publish","type":"page","link":"https:\/\/eg-kehlhof.ch\/wp2020\/media\/","title":{"rendered":"Media"},"content":{"rendered":"<div  class=\"content-12 content-section content-section-spacing\" id=\"content-1\" style=\"background-color: rgb(255, 255, 255);\" data-category=\"content\" data-export-id=\"content-12\" data-label=\"Content\" data-id=\"content--1\"><div  class=\"gridContainer\"> <div  class=\"row text-center\"><div  class=\"section-title-col\" data-type=\"column\">  <p  class=\"\" style=\"text-align: justify;\"><span  style=\"color: rgb(116, 116, 116); font-family: &quot;PT Sans&quot;; font-size: 18px;\">Hast Du einen Gottesdienst verpasst? Willst Du wissen, was in der EGK \u201eChile f\u00fcr L\u00fc\u00fct vo h\u00fct\u201c aktuell ist? Dann bist Du im Men\u00fc \u00abMedia\u00bb genau richtig. Predigten zum Nachh\u00f6ren, unsere Agenda, den aktuellsten Newsletter, Links und den Zugang zu ChurchTools findest Du auf diesen Seiten. Viel Spass beim st\u00f6bern!<\/span><\/p><\/div> <\/div> <div  class=\"row center-xs middle-xs\"> <div  class=\"col-sm-9\" data-type=\"column\"> <\/div> <\/div><\/div> <\/div><div data-label=\"Features\" data-id=\"features--1\" data-export-id=\"features-16\" data-category=\"features\" class=\"features-16 content-section content-section-spacing\" id=\"features-1\"  style=\"background-color: rgb(245, 250, 253);\"><div class=\"gridContainer\" > <div class=\"row text-center\" ><div class=\"section-title-col\" data-type=\"column\" >  <\/div> <\/div> <div class=\"row spaced-cols\" data-type=\"row\" > <div class=\"col-xs-12 col-sm-6 col-md-4 space-bottom\" > <a data-cp-link=\"1\" href=\"https:\/\/eg-kehlhof.church.tools\/#HomeView\" target=\"_self\" rel=\"noopener\"><img decoding=\"async\" class=\"face\" src=\"https:\/\/eg-kehlhof.ch\/wp2020\/wp-content\/uploads\/2021\/08\/cropped-Churchtools.png\"  title=\"cropped-Churchtools.png\" alt=\"\"><\/a> <div data-type=\"column\" class=\"col-padding-small col-padding-small-xs description-container\" > <h4 class=\"font-500\"  style=\"text-align: center;\"><a data-mce-href=\"https:\/\/eg-kehlhof.church.tools\/#HomeView\/\" href=\"https:\/\/eg-kehlhof.church.tools\/#HomeView\/\" target=\"_self\" data-mce-selected=\"inline-boundary\" data-cp-link=\"1\" rel=\"noopener\">ChurchTools<\/a><\/h4>  <\/div> <\/div> <div class=\"col-xs-12 col-sm-6 col-md-4 space-bottom\" > <a data-cp-link=\"1\" href=\"https:\/\/eg-kehlhof.ch\/wp2020\/newsletter\" target=\"_self\" rel=\"noopener\"><img decoding=\"async\" class=\"face\" src=\"https:\/\/eg-kehlhof.ch\/wp2020\/wp-content\/uploads\/2021\/08\/cropped-Newsletter-1.png\"  title=\"cropped-Newsletter.png\" alt=\"\"><\/a> <div data-type=\"column\" class=\"col-padding-small col-padding-small-xs description-container\" > <h4 class=\"font-500\"  style=\"text-align: center;\"><a data-mce-href=\"..\/newsletter\/\" href=\"..\/newsletter\/\" target=\"_self\" data-mce-selected=\"inline-boundary\" data-cp-link=\"1\" rel=\"noopener\">Newsletter<\/a><\/h4>  <\/div> <\/div> <div class=\"col-xs-12 col-sm-6 col-md-4 space-bottom\" > <a data-cp-link=\"1\" href=\"https:\/\/eg-kehlhof.ch\/wp2020\/media\/livestream\" target=\"_self\" rel=\"noopener\"><img decoding=\"async\" class=\"face\" src=\"https:\/\/eg-kehlhof.ch\/wp2020\/wp-content\/uploads\/2020\/04\/cropped-cropped-cropped-cropped-cropped-cropped-2020-04-03-Live-Stream-PR-Homepage-e1596118890450-3-1.jpg\"  title=\"cropped-cropped-cropped-cropped-cropped-cropped-2020-04-03-Live-Stream-PR-Homepage-e1596118890450-3-1.jpg\" alt=\"\"><\/a> <div data-type=\"column\" class=\"col-padding-small col-padding-small-xs description-container\" > <h4 class=\"font-500\"  style=\"text-align: center;\"><a data-mce-href=\"livestream\/\" href=\"livestream\/\" target=\"_self\" data-mce-selected=\"inline-boundary\" data-cp-link=\"1\" rel=\"noopener\">Livestream EGK<\/a><\/h4>  <\/div> <\/div><\/div> <\/div><\/div><div data-label=\"Features\" data-id=\"features--2\" data-export-id=\"features-16\" data-category=\"features\" class=\"features-16 content-section content-section-spacing\" id=\"features-2\"  style=\"background-color: rgb(255, 255, 255);\"><div class=\"gridContainer\" > <div class=\"row text-center\" ><div class=\"section-title-col\" data-type=\"column\" >  <\/div> <\/div> <div class=\"row spaced-cols\" data-type=\"row\" > <div class=\"col-xs-12 col-sm-6 col-md-4 space-bottom\" > <a data-cp-link=\"1\" href=\"https:\/\/eg-kehlhof.ch\/wp2020\/downloads\" target=\"_self\" rel=\"noopener\"><img decoding=\"async\" class=\"face\" src=\"https:\/\/eg-kehlhof.ch\/wp2020\/wp-content\/plugins\/mesmerize-companion\/theme-data\/mesmerize\/sections\/images\/computer-2569652.jpg\" ><\/a> <div data-type=\"column\" class=\"col-padding-small col-padding-small-xs description-container\" > <h4 class=\"font-500\"  style=\"text-align: center;\"><a data-mce-href=\"..\/downloads\/\" href=\"..\/downloads\/\" target=\"_self\" data-mce-selected=\"inline-boundary\" data-cp-link=\"1\" rel=\"noopener\">Downloads<\/a><\/h4>  <\/div> <\/div> <div class=\"col-xs-12 col-sm-6 col-md-4 space-bottom\" > <a data-cp-link=\"1\" href=\"https:\/\/eg-kehlhof.ch\/wp2020\/links\" target=\"_self\" rel=\"noopener\"><img decoding=\"async\" class=\"face\" src=\"https:\/\/eg-kehlhof.ch\/wp2020\/wp-content\/uploads\/2021\/08\/cropped-Links.png\"  title=\"cropped-Links.png\" alt=\"\"><\/a> <div data-type=\"column\" class=\"col-padding-small col-padding-small-xs description-container\" > <h4 class=\"font-500\"  style=\"text-align: center;\"><a data-mce-href=\"..\/links\/\" href=\"..\/links\/\" target=\"_self\" data-mce-selected=\"inline-boundary\" data-cp-link=\"1\" rel=\"noopener\">Links<\/a><\/h4>  <\/div> <\/div> <div class=\"col-xs-12 col-sm-6 col-md-4 space-bottom\" > <a data-cp-link=\"1\" href=\"https:\/\/eg-kehlhof.ch\/wp2020\/agenda\" target=\"_self\" rel=\"noopener\"><img decoding=\"async\" class=\"face\" src=\"https:\/\/eg-kehlhof.ch\/wp2020\/wp-content\/uploads\/2021\/08\/cropped-Agenda.png\"  title=\"cropped-Agenda.png\" alt=\"\"><\/a> <div data-type=\"column\" class=\"col-padding-small col-padding-small-xs description-container\" > <h4 class=\"font-500\"  style=\"text-align: center;\"><a data-mce-href=\"..\/agenda\/\" href=\"..\/agenda\/\" target=\"_self\" data-mce-selected=\"inline-boundary\" data-cp-link=\"1\" rel=\"noopener\">Agenda<\/a><\/h4>  <\/div> <\/div><\/div> <\/div><\/div>","protected":false},"excerpt":{"rendered":"<p>Hast Du einen Gottesdienst verpasst? Willst Du wissen, was in der EGK \u201eChile f\u00fcr L\u00fc\u00fct vo h\u00fct\u201c aktuell ist? Dann bist Du im Men\u00fc \u00abMedia\u00bb genau richtig. Predigten zum Nachh\u00f6ren, unsere Agenda, den aktuellsten Newsletter, Links und den Zugang zu ChurchTools findest Du auf diesen Seiten. Viel Spass beim st\u00f6bern! ChurchTools Newsletter Livestream EGK Downloads&hellip; <br \/> <a class=\"read-more\" href=\"https:\/\/eg-kehlhof.ch\/wp2020\/media\/\">Read more<\/a><\/p>\n","protected":false},"author":2,"featured_media":0,"parent":0,"menu_order":0,"comment_status":"closed","ping_status":"closed","template":"pro\/page-templates\/full-width-page.php","meta":{"footnotes":""},"class_list":["post-71","page","type-page","status-publish","hentry"],"_links":{"self":[{"href":"https:\/\/eg-kehlhof.ch\/wp2020\/wp-json\/wp\/v2\/pages\/71","targetHints":{"allow":["GET"]}}],"collection":[{"href":"https:\/\/eg-kehlhof.ch\/wp2020\/wp-json\/wp\/v2\/pages"}],"about":[{"href":"https:\/\/eg-kehlhof.ch\/wp2020\/wp-json\/wp\/v2\/types\/page"}],"author":[{"embeddable":true,"href":"https:\/\/eg-kehlhof.ch\/wp2020\/wp-json\/wp\/v2\/users\/2"}],"replies":[{"embeddable":true,"href":"https:\/\/eg-kehlhof.ch\/wp2020\/wp-json\/wp\/v2\/comments?post=71"}],"version-history":[{"count":10,"href":"https:\/\/eg-kehlhof.ch\/wp2020\/wp-json\/wp\/v2\/pages\/71\/revisions"}],"predecessor-version":[{"id":3384,"href":"https:\/\/eg-kehlhof.ch\/wp2020\/wp-json\/wp\/v2\/pages\/71\/revisions\/3384"}],"wp:attachment":[{"href":"https:\/\/eg-kehlhof.ch\/wp2020\/wp-json\/wp\/v2\/media?parent=71"}],"curies":[{"name":"wp","href":"https:\/\/api.w.org\/{rel}","templated":true}]}}